{"id":11,"date":"2026-02-06T21:39:40","date_gmt":"2026-02-06T21:39:40","guid":{"rendered":"https:\/\/soportesflexibles.com\/?page_id=11"},"modified":"2026-04-12T21:12:26","modified_gmt":"2026-04-12T21:12:26","slug":"inicio","status":"publish","type":"page","link":"https:\/\/soportesflexibles.com\/","title":{"rendered":"Archivos audiovisuales en Latinoam\u00e9rica"},"content":{"rendered":"\n<h2 class=\"wp-block-heading\">Investigaci\u00f3n y divulgaci\u00f3n sobre las infraestructuras, redes y pr\u00e1cticas de los archivos audiovisuales en Latinoam\u00e9rica.<\/h2>\n\n\n\n<p><\/p>\n","protected":false},"excerpt":{"rendered":"<p>Investigaci\u00f3n y divulgaci\u00f3n sobre las infraestructuras, redes y pr\u00e1cticas de los archivos audiovisuales en Latinoam\u00e9rica.<\/p>\n","protected":false},"author":1,"featured_media":0,"parent":0,"menu_order":0,"comment_status":"closed","ping_status":"closed","template":"","meta":{"footnotes":""},"class_list":["post-11","page","type-page","status-publish","hentry"],"_links":{"self":[{"href":"https:\/\/soportesflexibles.com\/index.php?rest_route=\/wp\/v2\/pages\/11","targetHints":{"allow":["GET"]}}],"collection":[{"href":"https:\/\/soportesflexibles.com\/index.php?rest_route=\/wp\/v2\/pages"}],"about":[{"href":"https:\/\/soportesflexibles.com\/index.php?rest_route=\/wp\/v2\/types\/page"}],"author":[{"embeddable":true,"href":"https:\/\/soportesflexibles.com\/index.php?rest_route=\/wp\/v2\/users\/1"}],"replies":[{"embeddable":true,"href":"https:\/\/soportesflexibles.com\/index.php?rest_route=%2Fwp%2Fv2%2Fcomments&post=11"}],"version-history":[{"count":2,"href":"https:\/\/soportesflexibles.com\/index.php?rest_route=\/wp\/v2\/pages\/11\/revisions"}],"predecessor-version":[{"id":71,"href":"https:\/\/soportesflexibles.com\/index.php?rest_route=\/wp\/v2\/pages\/11\/revisions\/71"}],"wp:attachment":[{"href":"https:\/\/soportesflexibles.com\/index.php?rest_route=%2Fwp%2Fv2%2Fmedia&parent=11"}],"curies":[{"name":"wp","href":"https:\/\/api.w.org\/{rel}","templated":true}]}}