{"id":22,"date":"2026-02-06T21:55:50","date_gmt":"2026-02-06T21:55:50","guid":{"rendered":"https:\/\/soportesflexibles.com\/?page_id=22"},"modified":"2026-04-13T01:57:12","modified_gmt":"2026-04-13T01:57:12","slug":"sobre-el-proyecto","status":"publish","type":"page","link":"https:\/\/soportesflexibles.com\/?page_id=22","title":{"rendered":"Sobre el proyecto"},"content":{"rendered":"\n<p><strong>Soportes Flexibles<\/strong> es una plataforma de divulgaci\u00f3n e investigaci\u00f3n dedicada al estudio de las infraestructuras, redes y pr\u00e1cticas de los archivos audiovisuales en Latinoam\u00e9rica.<\/p>\n\n\n\n<p>Con base inicialmente en Chile, la plataforma propone una aproximaci\u00f3n hist\u00f3rica y relacional a estos procesos, a trav\u00e9s de herramientas como una l\u00ednea de tiempo de hitos, un mapa por pa\u00edses y la reconstrucci\u00f3n de iniciativas e instituciones clave en la regi\u00f3n.<\/p>\n\n\n\n<p>El proyecto se concibe como un espacio en desarrollo, que busca ampliar progresivamente su campo de acci\u00f3n hacia la publicaci\u00f3n de textos e investigaciones sobre casos espec\u00edficos, con miras a consolidarse como una revista dedicada a los archivos audiovisuales latinoamericanos.<\/p>\n\n\n\n<p>Asimismo, se incorporar\u00e1 una secci\u00f3n de bibliograf\u00eda y recursos que permita reunir y dar acceso a materiales relevantes para el estudio del campo.<\/p>\n\n\n\n<p>En este sentido, <strong>Soportes Flexibles<\/strong> se proyecta como una plataforma abierta a colaboraciones de investigadores, archivistas y agentes culturales de distintos pa\u00edses de la regi\u00f3n.<\/p>\n\n\n\n<p>Si te interesa participar con un texto o investigaci\u00f3n, escribe a trav\u00e9s del formulario de contacto. <\/p>\n\n\n\n<figure class=\"wp-block-image size-large\"><img loading=\"lazy\" decoding=\"async\" width=\"1024\" height=\"49\" src=\"https:\/\/soportesflexibles.com\/wp-content\/uploads\/2026\/04\/Captura-de-Pantalla-2026-04-12-a-las-21.55.10-1024x49.png\" alt=\"\" class=\"wp-image-110\" srcset=\"https:\/\/soportesflexibles.com\/wp-content\/uploads\/2026\/04\/Captura-de-Pantalla-2026-04-12-a-las-21.55.10-1024x49.png 1024w, https:\/\/soportesflexibles.com\/wp-content\/uploads\/2026\/04\/Captura-de-Pantalla-2026-04-12-a-las-21.55.10-300x14.png 300w, https:\/\/soportesflexibles.com\/wp-content\/uploads\/2026\/04\/Captura-de-Pantalla-2026-04-12-a-las-21.55.10-768x37.png 768w, https:\/\/soportesflexibles.com\/wp-content\/uploads\/2026\/04\/Captura-de-Pantalla-2026-04-12-a-las-21.55.10.png 1106w\" sizes=\"auto, (max-width: 1024px) 100vw, 1024px\" \/><\/figure>\n\n\n\n<p><\/p>\n","protected":false},"excerpt":{"rendered":"<p>Soportes Flexibles es una plataforma de divulgaci\u00f3n e investigaci\u00f3n dedicada al estudio de las infraestructuras, redes y pr\u00e1cticas de los archivos audiovisuales en Latinoam\u00e9rica. Con base inicialmente en Chile, la<\/p>\n<p class=\"more-link\"><a href=\"https:\/\/soportesflexibles.com\/?page_id=22\" class=\"readmore\">Seguir leyendo&#8230;<span class=\"screen-reader-text\">Sobre el proyecto<\/span><\/a><\/p>\n","protected":false},"author":1,"featured_media":0,"parent":0,"menu_order":0,"comment_status":"closed","ping_status":"closed","template":"","meta":{"footnotes":""},"class_list":["post-22","page","type-page","status-publish","hentry"],"_links":{"self":[{"href":"https:\/\/soportesflexibles.com\/index.php?rest_route=\/wp\/v2\/pages\/22","targetHints":{"allow":["GET"]}}],"collection":[{"href":"https:\/\/soportesflexibles.com\/index.php?rest_route=\/wp\/v2\/pages"}],"about":[{"href":"https:\/\/soportesflexibles.com\/index.php?rest_route=\/wp\/v2\/types\/page"}],"author":[{"embeddable":true,"href":"https:\/\/soportesflexibles.com\/index.php?rest_route=\/wp\/v2\/users\/1"}],"replies":[{"embeddable":true,"href":"https:\/\/soportesflexibles.com\/index.php?rest_route=%2Fwp%2Fv2%2Fcomments&post=22"}],"version-history":[{"count":5,"href":"https:\/\/soportesflexibles.com\/index.php?rest_route=\/wp\/v2\/pages\/22\/revisions"}],"predecessor-version":[{"id":112,"href":"https:\/\/soportesflexibles.com\/index.php?rest_route=\/wp\/v2\/pages\/22\/revisions\/112"}],"wp:attachment":[{"href":"https:\/\/soportesflexibles.com\/index.php?rest_route=%2Fwp%2Fv2%2Fmedia&parent=22"}],"curies":[{"name":"wp","href":"https:\/\/api.w.org\/{rel}","templated":true}]}}