{"id":72,"date":"2026-04-12T17:04:25","date_gmt":"2026-04-12T17:04:25","guid":{"rendered":"https:\/\/soportesflexibles.com\/?page_id=72"},"modified":"2026-04-12T21:10:16","modified_gmt":"2026-04-12T21:10:16","slug":"redes","status":"publish","type":"page","link":"https:\/\/soportesflexibles.com\/?page_id=72","title":{"rendered":"Redes"},"content":{"rendered":"<div class=\"bold_timeline_container bold_timeline_container_line_style_solid bold_timeline_container_has_line_style bold_timeline_container_line_thickness_normal bold_timeline_container_item_style_outline_top bold_timeline_container_line_position_vertical bold_timeline_container_line_position_overlap bold_timeline_container_line_position_center bold_timeline_container_item_frame_thickness_normal bold_timeline_container_item_shape_square bold_timeline_container_item_icon_position_line bold_timeline_container_item_icon_shape_hard_rounded bold_timeline_container_item_icon_style_outline bold_timeline_container_item_connection_type_line bold_timeline_container_item_content_display_show bold_timeline_container_item_marker_type_dot bold_timeline_container_item_title_size_normal bold_timeline_container_item_supertitle_style_default bold_timeline_container_item_alignment_default bold_timeline_container_item_media_position_bottom bold_timeline_container_item_images_columns_2 bold_timeline_container_item_animation_fade_in bold_timeline_container_group_style_filled bold_timeline_container_group_shape_circle bold_timeline_container_group_thickness_normal bold_timeline_container_group_content_display_show bold_timeline_container_button_style_outline bold_timeline_container_button_shape_square bold_timeline_container_button_size_small bold_timeline_container_group_title_size_small\" id=\"id_69e46ce2967b6\" style=\"; --boldthemes-default-line-color: rgb(85,114,72);\" data-css-override=\"\"><div class = \"bold_timeline_container_line\"><\/div><div class=\"bold_timeline_container_content\"><div class=\"bold_timeline_group bold_timeline_group_override_style_filled bold_timeline_group_override_shape_circle bold_timeline_group_override_content_display_show bold_timeline_group_override_title_size_small bold_timeline_animate\" id=\"id_69e46ce296ac0\" data-css-override=\"\"><div class=\"bold_timeline_group_inner\"><div class=\"bold_timeline_group_header\"><div class=\"bold_timeline_group_header_inner\"><h3 class=\"bold_timeline_group_header_title\">1950<\/h3><\/div><\/div><\/div><div class=\"bold_timeline_group_content\"><div class=\"bold_timeline_item bold_timeline_item_override_style_inherit bold_timeline_item_override_shape_inherit bold_timeline_item_override_frame_thickness_inherit bold_timeline_item_override_connection_type_inherit bold_timeline_item_override_content_display_inherit bold_timeline_item_override_animation_inherit bold_timeline_animate bold_timeline_item_override_marker_type_inherit bold_timeline_item_override_icon_position_inherit bold_timeline_item_override_icon_style_inherit bold_timeline_item_override_icon_shape_inherit bold_timeline_item_override_media_position_inherit bold_timeline_item_override_title_size_inherit bold_timeline_item_override_supertitle_style_inherit bold_timeline_item_override_alignment_inherit bold_timeline_item_override_images_columns_inherit\" id=\"id_69e46ce29705c\" data-css-override=\"\" data-margin-top=\"0\"><div class = \"bold_timeline_item_marker\"><\/div><div class = \"bold_timeline_item_connection\"><\/div><div class=\"bold_timeline_item_inner\"><div class=\"bold_timeline_item_header bold_timeline_item_header_no_content\"><div class=\"bold_timeline_item_header_inner\"><p class=\"bold_timeline_item_header_supertitle\"><span class=\"bold_timeline_item_header_supertitle_inner\">1952<\/span><\/p><h2 class=\"bold_timeline_item_header_title\">Cinemateca Uruguaya<\/h2><p class=\"bold_timeline_item_header_subtitle\">Fundaci\u00f3n de la Cinemateca Uruguaya, instituci\u00f3n clave en la preservaci\u00f3n y difusi\u00f3n del cine en la regi\u00f3n, integrada tempranamente a redes internacionales como la FIAF.<\/p><\/div><\/div><div class=\"bold_timeline_item_content\"><\/div><\/div><\/div><div class=\"bold_timeline_item bold_timeline_item_override_style_inherit bold_timeline_item_override_shape_inherit bold_timeline_item_override_frame_thickness_inherit bold_timeline_item_override_connection_type_inherit bold_timeline_item_override_content_display_inherit bold_timeline_item_override_animation_inherit bold_timeline_animate bold_timeline_item_override_marker_type_inherit bold_timeline_item_override_icon_position_inherit bold_timeline_item_override_icon_style_inherit bold_timeline_item_override_icon_shape_inherit bold_timeline_item_override_media_position_inherit bold_timeline_item_override_title_size_inherit bold_timeline_item_override_supertitle_style_inherit bold_timeline_item_override_alignment_inherit bold_timeline_item_override_images_columns_inherit\" id=\"id_69e46ce2970b6\" data-css-override=\"\" data-margin-top=\"0\"><div class = \"bold_timeline_item_marker\"><\/div><div class = \"bold_timeline_item_connection\"><\/div><div class=\"bold_timeline_item_inner\"><div class=\"bold_timeline_item_header bold_timeline_item_header_no_content\"><div class=\"bold_timeline_item_header_inner\"><p class=\"bold_timeline_item_header_supertitle\"><span class=\"bold_timeline_item_header_supertitle_inner\">1955<\/span><\/p><h2 class=\"bold_timeline_item_header_title\">Secci\u00f3n Latinoamericana de la FIAF <\/h2><p class=\"bold_timeline_item_header_subtitle\">A inicios de la d\u00e9cada de los a\u00f1os 50&#8217;s y tras la conformaci\u00f3n de archivos f\u00edlmicos en latinoamerica y su incorporaci\u00f3n a la FIAF, se cre\u00f3 la Secci\u00f3n Latinoamericana de la FIAF, con el find e promover la uni\u00f3n de archivos en la regi\u00f3n<\/p><\/div><\/div><div class=\"bold_timeline_item_content\"><\/div><\/div><\/div><\/div><div class=\"bold_timeline_group_show_button\"><div class=\"bold_timeline_group_show_button_inner\">[bold_timeline_item_button title=\u00bbExpand\u00bb style=\u00bb\u00bb shape=\u00bb\u00bb color=\u00bb\u00bb size=\u00bbinline\u00bb url=\u00bb#\u00bb el_class=\u00bbbold_timeline_group_button\u00bb]<\/div><\/div><\/div><div class=\"bold_timeline_group bold_timeline_group_override_style_filled bold_timeline_group_override_shape_circle bold_timeline_group_override_content_display_show bold_timeline_group_override_title_size_small bold_timeline_animate\" id=\"id_69e46ce2971a3\" data-css-override=\"\"><div class=\"bold_timeline_group_inner\"><div class=\"bold_timeline_group_header\"><div class=\"bold_timeline_group_header_inner\"><h3 class=\"bold_timeline_group_header_title\">1960<\/h3><\/div><\/div><\/div><div class=\"bold_timeline_group_content\"><div class=\"bold_timeline_item bold_timeline_item_override_style_inherit bold_timeline_item_override_shape_inherit bold_timeline_item_override_frame_thickness_inherit bold_timeline_item_override_connection_type_inherit bold_timeline_item_override_content_display_inherit bold_timeline_item_override_animation_inherit bold_timeline_animate bold_timeline_item_override_marker_type_inherit bold_timeline_item_override_icon_position_inherit bold_timeline_item_override_icon_style_inherit bold_timeline_item_override_icon_shape_inherit bold_timeline_item_override_media_position_inherit bold_timeline_item_override_title_size_inherit bold_timeline_item_override_supertitle_style_inherit bold_timeline_item_override_alignment_inherit bold_timeline_item_override_images_columns_inherit\" id=\"id_69e46ce2971e3\" data-css-override=\"\" data-margin-top=\"0\"><div class = \"bold_timeline_item_marker\"><\/div><div class = \"bold_timeline_item_connection\"><\/div><div class=\"bold_timeline_item_inner\"><div class=\"bold_timeline_item_header bold_timeline_item_header_no_content\"><div class=\"bold_timeline_item_header_inner\"><p class=\"bold_timeline_item_header_supertitle\"><span class=\"bold_timeline_item_header_supertitle_inner\">23 de marzo de 1965<\/span><\/p><h2 class=\"bold_timeline_item_header_title\">Creaci\u00f3n de la UCAL <\/h2><p class=\"bold_timeline_item_header_subtitle\">Los objetivos plantean promover la integraci\u00f3n y el desarrollo de las cinematecas de Am\u00e9rica Latina, fomentar la cultura dentro de sus funciones espec\u00edficas, y trabajar de manera conjunta y solidaria en la soluci\u00f3n de problemas que afecten su funcionamiento. Asimismo, buscan ampliar y coordinar sus actividades en organizaci\u00f3n, investigaci\u00f3n, conservaci\u00f3n y difusi\u00f3n f\u00edlmica, fortaleciendo el intercambio de informaci\u00f3n y materiales entre sus integrantes.<\/p><\/div><\/div><div class=\"bold_timeline_item_content\"><\/div><\/div><\/div><\/div><div class=\"bold_timeline_group_show_button\"><div class=\"bold_timeline_group_show_button_inner\">[bold_timeline_item_button title=\u00bbExpand\u00bb style=\u00bb\u00bb shape=\u00bb\u00bb color=\u00bb\u00bb size=\u00bbinline\u00bb url=\u00bb#\u00bb el_class=\u00bbbold_timeline_group_button\u00bb]<\/div><\/div><\/div><div class=\"bold_timeline_group bold_timeline_group_override_style_filled bold_timeline_group_override_shape_circle bold_timeline_group_override_content_display_show bold_timeline_group_override_title_size_small bold_timeline_animate\" id=\"id_69e46ce29724e\" data-css-override=\"\"><div class=\"bold_timeline_group_inner\"><div class=\"bold_timeline_group_header\"><div class=\"bold_timeline_group_header_inner\"><h3 class=\"bold_timeline_group_header_title\">1970<\/h3><\/div><\/div><\/div><\/div><div class=\"bold_timeline_group bold_timeline_group_override_style_filled bold_timeline_group_override_shape_circle bold_timeline_group_override_content_display_show bold_timeline_group_override_title_size_small bold_timeline_animate\" id=\"id_69e46ce297272\" data-css-override=\"\"><div class=\"bold_timeline_group_inner\"><div class=\"bold_timeline_group_header\"><div class=\"bold_timeline_group_header_inner\"><h3 class=\"bold_timeline_group_header_title\">1980<\/h3><\/div><\/div><\/div><div class=\"bold_timeline_group_content\"><div class=\"bold_timeline_item bold_timeline_item_override_style_inherit bold_timeline_item_override_shape_inherit bold_timeline_item_override_frame_thickness_inherit bold_timeline_item_override_connection_type_inherit bold_timeline_item_override_content_display_inherit bold_timeline_item_override_animation_inherit bold_timeline_animate bold_timeline_item_override_marker_type_inherit bold_timeline_item_override_icon_position_inherit bold_timeline_item_override_icon_style_inherit bold_timeline_item_override_icon_shape_inherit bold_timeline_item_override_media_position_inherit bold_timeline_item_override_title_size_inherit bold_timeline_item_override_supertitle_style_inherit bold_timeline_item_override_alignment_inherit bold_timeline_item_override_images_columns_inherit\" id=\"id_69e46ce29729d\" data-css-override=\"\" data-margin-top=\"0\"><div class = \"bold_timeline_item_marker\"><\/div><div class = \"bold_timeline_item_connection\"><\/div><div class=\"bold_timeline_item_inner\"><div class=\"bold_timeline_item_header bold_timeline_item_header_no_content\"><div class=\"bold_timeline_item_header_inner\"><h2 class=\"bold_timeline_item_header_title\">Creaci\u00f3n de la Coordinadora Latinoamericana de Im\u00e1genes en movimiento<\/h2><p class=\"bold_timeline_item_header_subtitle\">Creaci\u00f3n de la Coordinadora Latinoamericana de Im\u00e1genes en movimiento<\/p><\/div><\/div><div class=\"bold_timeline_item_content\"><\/div><\/div><\/div><\/div><div class=\"bold_timeline_group_show_button\"><div class=\"bold_timeline_group_show_button_inner\">[bold_timeline_item_button title=\u00bbExpand\u00bb style=\u00bb\u00bb shape=\u00bb\u00bb color=\u00bb\u00bb size=\u00bbinline\u00bb url=\u00bb#\u00bb el_class=\u00bbbold_timeline_group_button\u00bb]<\/div><\/div><\/div><div class=\"bold_timeline_group bold_timeline_group_override_style_filled bold_timeline_group_override_shape_circle bold_timeline_group_override_content_display_show bold_timeline_group_override_title_size_small bold_timeline_animate\" id=\"id_69e46ce297347\" data-css-override=\"\"><div class=\"bold_timeline_group_inner\"><div class=\"bold_timeline_group_header\"><div class=\"bold_timeline_group_header_inner\"><h3 class=\"bold_timeline_group_header_title\">1990<\/h3><\/div><\/div><\/div><\/div><div class=\"bold_timeline_group bold_timeline_group_override_style_filled bold_timeline_group_override_shape_circle bold_timeline_group_override_content_display_show bold_timeline_group_override_title_size_small bold_timeline_animate\" id=\"id_69e46ce297397\" data-css-override=\"\"><div class=\"bold_timeline_group_inner\"><div class=\"bold_timeline_group_header\"><div class=\"bold_timeline_group_header_inner\"><h3 class=\"bold_timeline_group_header_title\">2000<\/h3><\/div><\/div><\/div><\/div><div class=\"bold_timeline_group bold_timeline_group_override_style_filled bold_timeline_group_override_shape_circle bold_timeline_group_override_content_display_show bold_timeline_group_override_title_size_small bold_timeline_animate\" id=\"id_69e46ce2973c8\" data-css-override=\"\"><div class=\"bold_timeline_group_inner\"><div class=\"bold_timeline_group_header\"><div class=\"bold_timeline_group_header_inner\"><h3 class=\"bold_timeline_group_header_title\">2010<\/h3><\/div><\/div><\/div><\/div><div class=\"bold_timeline_group bold_timeline_group_override_style_filled bold_timeline_group_override_shape_circle bold_timeline_group_override_content_display_show bold_timeline_group_override_title_size_small bold_timeline_animate\" id=\"id_69e46ce2973fb\" data-css-override=\"\"><div class=\"bold_timeline_group_inner\"><div class=\"bold_timeline_group_header\"><div class=\"bold_timeline_group_header_inner\"><h3 class=\"bold_timeline_group_header_title\">2020<\/h3><\/div><\/div><\/div><\/div><\/div><\/div>\n","protected":false},"excerpt":{"rendered":"","protected":false},"author":1,"featured_media":0,"parent":0,"menu_order":0,"comment_status":"closed","ping_status":"closed","template":"","meta":{"footnotes":""},"class_list":["post-72","page","type-page","status-publish","hentry"],"_links":{"self":[{"href":"https:\/\/soportesflexibles.com\/index.php?rest_route=\/wp\/v2\/pages\/72","targetHints":{"allow":["GET"]}}],"collection":[{"href":"https:\/\/soportesflexibles.com\/index.php?rest_route=\/wp\/v2\/pages"}],"about":[{"href":"https:\/\/soportesflexibles.com\/index.php?rest_route=\/wp\/v2\/types\/page"}],"author":[{"embeddable":true,"href":"https:\/\/soportesflexibles.com\/index.php?rest_route=\/wp\/v2\/users\/1"}],"replies":[{"embeddable":true,"href":"https:\/\/soportesflexibles.com\/index.php?rest_route=%2Fwp%2Fv2%2Fcomments&post=72"}],"version-history":[{"count":2,"href":"https:\/\/soportesflexibles.com\/index.php?rest_route=\/wp\/v2\/pages\/72\/revisions"}],"predecessor-version":[{"id":76,"href":"https:\/\/soportesflexibles.com\/index.php?rest_route=\/wp\/v2\/pages\/72\/revisions\/76"}],"wp:attachment":[{"href":"https:\/\/soportesflexibles.com\/index.php?rest_route=%2Fwp%2Fv2%2Fmedia&parent=72"}],"curies":[{"name":"wp","href":"https:\/\/api.w.org\/{rel}","templated":true}]}}